{"id":58,"date":"2024-12-05T20:48:56","date_gmt":"2024-12-05T19:48:56","guid":{"rendered":"https:\/\/ceguaink.pl\/?page_id=58"},"modified":"2024-12-22T20:39:17","modified_gmt":"2024-12-22T19:39:17","slug":"landing-page","status":"publish","type":"page","link":"https:\/\/ceguaink.pl\/","title":{"rendered":"Strona g\u0142\u00f3wna"},"content":{"rendered":"\t\t<div data-elementor-type=\"wp-page\" data-elementor-id=\"58\" class=\"elementor elementor-58\" data-elementor-post-type=\"page\">\n\t\t\t\t<div class=\"elementor-element elementor-element-bc01991 e-flex e-con-boxed e-con e-parent\" data-id=\"bc01991\" data-element_type=\"container\">\n\t\t\t\t\t<div class=\"e-con-inner\">\n\t\t\t\t<div class=\"elementor-element elementor-element-24db284f elementor-widget__width-auto elementor-widget elementor-widget-image\" data-id=\"24db284f\" data-element_type=\"widget\" data-settings=\"{&quot;motion_fx_motion_fx_scrolling&quot;:&quot;yes&quot;,&quot;motion_fx_devices&quot;:[&quot;desktop&quot;,&quot;tablet&quot;,&quot;mobile&quot;]}\" data-widget_type=\"image.default\">\n\t\t\t\t<div class=\"elementor-widget-container\">\n\t\t\t\t\t\t\t\t\t\t\t\t\t<img fetchpriority=\"high\" decoding=\"async\" width=\"2480\" height=\"1169\" src=\"https:\/\/ceguaink.pl\/wp-content\/uploads\/2024\/12\/Voucher-Cegua-Ink.jpg\" class=\"attachment-full size-full wp-image-26\" alt=\"\" srcset=\"https:\/\/ceguaink.pl\/wp-content\/uploads\/2024\/12\/Voucher-Cegua-Ink.jpg 2480w, https:\/\/ceguaink.pl\/wp-content\/uploads\/2024\/12\/Voucher-Cegua-Ink-300x141.jpg 300w, https:\/\/ceguaink.pl\/wp-content\/uploads\/2024\/12\/Voucher-Cegua-Ink-1024x483.jpg 1024w, https:\/\/ceguaink.pl\/wp-content\/uploads\/2024\/12\/Voucher-Cegua-Ink-768x362.jpg 768w, https:\/\/ceguaink.pl\/wp-content\/uploads\/2024\/12\/Voucher-Cegua-Ink-1536x724.jpg 1536w, https:\/\/ceguaink.pl\/wp-content\/uploads\/2024\/12\/Voucher-Cegua-Ink-2048x965.jpg 2048w\" sizes=\"(max-width: 2480px) 100vw, 2480px\" \/>\t\t\t\t\t\t\t\t\t\t\t\t\t<\/div>\n\t\t\t\t<\/div>\n\t\t<div class=\"elementor-element elementor-element-7f0ede00 e-con-full e-flex e-con e-child\" data-id=\"7f0ede00\" data-element_type=\"container\">\n\t\t\t\t<div class=\"elementor-element elementor-element-439fd826 elementor-widget elementor-widget-heading\" data-id=\"439fd826\" data-element_type=\"widget\" data-widget_type=\"heading.default\">\n\t\t\t\t<div class=\"elementor-widget-container\">\n\t\t\t<h3 class=\"elementor-heading-title elementor-size-default\"><p class=\"p1\" style=\"margin: 0px;line-height: normal\">C<span style=\"letter-spacing: 0px;text-align: var(--text-align)\">egua Ink - Twoja Sk\u00f3ra, Moja Pasja<\/span><span style=\"letter-spacing: 0px;text-align: var(--text-align)\"><\/span><\/p><\/h3>\t\t<\/div>\n\t\t\t\t<\/div>\n\t\t\t\t<div class=\"elementor-element elementor-element-223c8d01 elementor-widget elementor-widget-text-editor\" data-id=\"223c8d01\" data-element_type=\"widget\" data-widget_type=\"text-editor.default\">\n\t\t\t\t<div class=\"elementor-widget-container\">\n\t\t\t\t\t\t\t<p class=\"p1\">Indywidualne podej\u015bcie, wyj\u0105tkowe projekty, pe\u0142en profesjonalizm. Stw\u00f3rzmy razem co\u015b wyj\u0105tkowego.<\/p>\t\t\t\t\t\t<\/div>\n\t\t\t\t<\/div>\n\t\t\t\t<div class=\"elementor-element elementor-element-31d87a33 gallery-spacing-custom elementor-widget elementor-widget-image-gallery\" data-id=\"31d87a33\" data-element_type=\"widget\" data-widget_type=\"image-gallery.default\">\n\t\t\t\t<div class=\"elementor-widget-container\">\n\t\t\t\t\t<div class=\"elementor-image-gallery\">\n\t\t\t<div id='gallery-1' class='gallery galleryid-58 gallery-columns-2 gallery-size-medium_large'><figure class='gallery-item'>\n\t\t\t<div class='gallery-icon landscape'>\n\t\t\t\t<img decoding=\"async\" width=\"768\" height=\"768\" src=\"https:\/\/ceguaink.pl\/wp-content\/uploads\/2024\/12\/GettyImages-584747680-768x768.jpg\" class=\"attachment-medium_large size-medium_large\" alt=\"\" aria-describedby=\"gallery-1-98\" srcset=\"https:\/\/ceguaink.pl\/wp-content\/uploads\/2024\/12\/GettyImages-584747680-768x768.jpg 768w, https:\/\/ceguaink.pl\/wp-content\/uploads\/2024\/12\/GettyImages-584747680-300x300.jpg 300w, https:\/\/ceguaink.pl\/wp-content\/uploads\/2024\/12\/GettyImages-584747680-1024x1024.jpg 1024w, https:\/\/ceguaink.pl\/wp-content\/uploads\/2024\/12\/GettyImages-584747680-150x150.jpg 150w, https:\/\/ceguaink.pl\/wp-content\/uploads\/2024\/12\/GettyImages-584747680-1536x1536.jpg 1536w, https:\/\/ceguaink.pl\/wp-content\/uploads\/2024\/12\/GettyImages-584747680-2048x2048.jpg 2048w\" sizes=\"(max-width: 768px) 100vw, 768px\" \/>\n\t\t\t<\/div>\n\t\t\t\t<figcaption class='wp-caption-text gallery-caption' id='gallery-1-98'>\n\t\t\t\tTattoo master protective gloves make a tattoo in black ink on the hand of the girl. Close-up.\n\t\t\t\t<\/figcaption><\/figure><figure class='gallery-item'>\n\t\t\t<div class='gallery-icon landscape'>\n\t\t\t\t<img decoding=\"async\" width=\"768\" height=\"768\" src=\"https:\/\/ceguaink.pl\/wp-content\/uploads\/2024\/12\/GettyImages-1081274420-768x768.jpg\" class=\"attachment-medium_large size-medium_large\" alt=\"\" aria-describedby=\"gallery-1-99\" srcset=\"https:\/\/ceguaink.pl\/wp-content\/uploads\/2024\/12\/GettyImages-1081274420-768x768.jpg 768w, https:\/\/ceguaink.pl\/wp-content\/uploads\/2024\/12\/GettyImages-1081274420-300x300.jpg 300w, https:\/\/ceguaink.pl\/wp-content\/uploads\/2024\/12\/GettyImages-1081274420-1024x1024.jpg 1024w, https:\/\/ceguaink.pl\/wp-content\/uploads\/2024\/12\/GettyImages-1081274420-150x150.jpg 150w, https:\/\/ceguaink.pl\/wp-content\/uploads\/2024\/12\/GettyImages-1081274420-1536x1536.jpg 1536w, https:\/\/ceguaink.pl\/wp-content\/uploads\/2024\/12\/GettyImages-1081274420-2048x2048.jpg 2048w\" sizes=\"(max-width: 768px) 100vw, 768px\" \/>\n\t\t\t<\/div>\n\t\t\t\t<figcaption class='wp-caption-text gallery-caption' id='gallery-1-99'>\n\t\t\t\tDrawing tattoo design\n\t\t\t\t<\/figcaption><\/figure>\n\t\t<\/div>\n\t\t<\/div>\n\t\t\t\t<\/div>\n\t\t\t\t<\/div>\n\t\t\t\t<div class=\"elementor-element elementor-element-6f448ce2 elementor-widget elementor-widget-text-editor\" data-id=\"6f448ce2\" data-element_type=\"widget\" data-widget_type=\"text-editor.default\">\n\t\t\t\t<div class=\"elementor-widget-container\">\n\t\t\t\t\t\t\t<p class=\"p1\">Cze\u015b\u0107! Je\u015bli tu trafi\u0142a\u015b\/e\u015b to na pewno ciekawi Ci\u0119 sztuka tatua\u017cu. &nbsp;Moje imi\u0119 to Joanna, dla znajomych &#8211; Cegua. Jestem tatua\u017cystk\u0105 i w\u0142a\u015bcicielem Cegua Ink.&nbsp;<\/p><p class=\"p1\">Moja praca to moja pasja \u2013 od lat tworz\u0119 tatua\u017ce, kt\u00f3re pomagaj\u0105 wyrazi\u0107 osobowo\u015b\u0107, emocje i historie moich klient\u00f3w. Wierz\u0119, \u017ce ka\u017cdy tatua\u017c powinien by\u0107 r\u00f3wnie unikalny, jak osoba, kt\u00f3ra go nosi &#8211; dlatego ch\u0119tnie dowiem si\u0119 kim jeste\u015b, by zaproponowa\u0107 Ci Tw\u00f3j unikalny tatua\u017c.<\/p>\t\t\t\t\t\t<\/div>\n\t\t\t\t<\/div>\n\t\t\t\t<\/div>\n\t\t\t\t<div class=\"elementor-element elementor-element-b5164fa elementor--h-position-center elementor--v-position-middle elementor-arrows-position-inside elementor-pagination-position-inside elementor-widget elementor-widget-slides\" data-id=\"b5164fa\" data-element_type=\"widget\" data-settings=\"{&quot;navigation&quot;:&quot;both&quot;,&quot;autoplay&quot;:&quot;yes&quot;,&quot;pause_on_hover&quot;:&quot;yes&quot;,&quot;pause_on_interaction&quot;:&quot;yes&quot;,&quot;autoplay_speed&quot;:5000,&quot;infinite&quot;:&quot;yes&quot;,&quot;transition&quot;:&quot;slide&quot;,&quot;transition_speed&quot;:500}\" data-widget_type=\"slides.default\">\n\t\t\t\t<div class=\"elementor-widget-container\">\n\t\t\t\t\t<div class=\"elementor-swiper\">\n\t\t\t<div class=\"elementor-slides-wrapper elementor-main-swiper swiper\" dir=\"ltr\" data-animation=\"fadeInUp\">\n\t\t\t\t<div class=\"swiper-wrapper elementor-slides\">\n\t\t\t\t\t\t\t\t\t\t<div class=\"elementor-repeater-item-f02ef48 swiper-slide\"><div class=\"swiper-slide-bg\" role=\"img\"><\/div><div class=\"swiper-slide-inner\" ><div class=\"swiper-slide-contents\"><\/div><\/div><\/div><div class=\"elementor-repeater-item-f299fc0 swiper-slide\"><div class=\"swiper-slide-bg\" role=\"img\"><\/div><div class=\"swiper-slide-inner\" ><div class=\"swiper-slide-contents\"><\/div><\/div><\/div><div class=\"elementor-repeater-item-1932386 swiper-slide\"><div class=\"swiper-slide-bg elementor-ken-burns elementor-ken-burns--in\" role=\"img\"><\/div><div class=\"swiper-slide-inner\" ><div class=\"swiper-slide-contents\"><\/div><\/div><\/div>\t\t\t\t<\/div>\n\t\t\t\t\t\t\t\t\t\t\t\t\t\t\t<div class=\"swiper-pagination\"><\/div>\n\t\t\t\t\t\t\t\t\t\t\t\t\t\t\t\t<div class=\"elementor-swiper-button elementor-swiper-button-prev\" role=\"button\" tabindex=\"0\">\n\t\t\t\t\t\t\t<svg aria-hidden=\"true\" class=\"e-font-icon-svg e-eicon-chevron-left\" viewBox=\"0 0 1000 1000\" xmlns=\"http:\/\/www.w3.org\/2000\/svg\"><path d=\"M646 125C629 125 613 133 604 142L308 442C296 454 292 471 292 487 292 504 296 521 308 533L604 854C617 867 629 875 646 875 663 875 679 871 692 858 704 846 713 829 713 812 713 796 708 779 692 767L438 487 692 225C700 217 708 204 708 187 708 171 704 154 692 142 675 129 663 125 646 125Z\"><\/path><\/svg>\t\t\t\t\t\t\t<span class=\"elementor-screen-only\">Previous slide<\/span>\n\t\t\t\t\t\t<\/div>\n\t\t\t\t\t\t<div class=\"elementor-swiper-button elementor-swiper-button-next\" role=\"button\" tabindex=\"0\">\n\t\t\t\t\t\t\t<svg aria-hidden=\"true\" class=\"e-font-icon-svg e-eicon-chevron-right\" viewBox=\"0 0 1000 1000\" xmlns=\"http:\/\/www.w3.org\/2000\/svg\"><path d=\"M696 533C708 521 713 504 713 487 713 471 708 454 696 446L400 146C388 133 375 125 354 125 338 125 325 129 313 142 300 154 292 171 292 187 292 204 296 221 308 233L563 492 304 771C292 783 288 800 288 817 288 833 296 850 308 863 321 871 338 875 354 875 371 875 388 867 400 854L696 533Z\"><\/path><\/svg>\t\t\t\t\t\t\t<span class=\"elementor-screen-only\">Next slide<\/span>\n\t\t\t\t\t\t<\/div>\n\t\t\t\t\t\t\t\t\t\t\t\t<\/div>\n\t\t<\/div>\n\t\t\t\t<\/div>\n\t\t\t\t<\/div>\n\t\t\t\t<div class=\"elementor-element elementor-element-58cbbd93 elementor-widget elementor-widget-text-editor\" data-id=\"58cbbd93\" data-element_type=\"widget\" data-widget_type=\"text-editor.default\">\n\t\t\t\t<div class=\"elementor-widget-container\">\n\t\t\t\t\t\t\t<p class=\"p1\"><b>Dlaczego warto mnie wybra\u0107?<\/b><b><\/b><\/p><p class=\"p3\">\u2022<b>Indywidualne podej\u015bcie:<\/b> Ka\u017cdy projekt jest tworzony specjalnie dla Ciebie \u2013 od pierwszej konsultacji po ostateczne dzie\u0142o.<\/p><p class=\"p3\">\u2022<b>Higiena i bezpiecze\u0144stwo:<\/b> Korzystam z jednorazowych materia\u0142\u00f3w i najnowocze\u015bniejszego sprz\u0119tu, aby zapewni\u0107 Ci komfort i bezpiecze\u0144stwo.<\/p><p class=\"p3\">\u2022<b>Do\u015bwiadczenie i pasja:<\/b> Ka\u017cdy tatua\u017c traktuj\u0119 jak dzie\u0142o sztuki, kt\u00f3re b\u0119dzie z Tob\u0105 na ca\u0142e \u017cycie.<\/p><p class=\"p3\">\u2022<b>Kameralna atmosfera:<\/b> W moim studiu znajdziesz spok\u00f3j i pe\u0142ne skupienie na Tobie i Twoim projekcie.<\/p>\t\t\t\t\t\t<\/div>\n\t\t\t\t<\/div>\n\t\t\t\t<div class=\"elementor-element elementor-element-96057f0 elementor-shape-rounded elementor-grid-0 e-grid-align-center elementor-widget elementor-widget-social-icons\" data-id=\"96057f0\" data-element_type=\"widget\" data-widget_type=\"social-icons.default\">\n\t\t\t\t<div class=\"elementor-widget-container\">\n\t\t\t\t\t<div class=\"elementor-social-icons-wrapper elementor-grid\">\n\t\t\t\t\t\t\t<span class=\"elementor-grid-item\">\n\t\t\t\t\t<a class=\"elementor-icon elementor-social-icon elementor-social-icon-facebook elementor-repeater-item-0f87630\" href=\"https:\/\/www.facebook.com\/ceguaink\" target=\"_blank\">\n\t\t\t\t\t\t<span class=\"elementor-screen-only\">Facebook<\/span>\n\t\t\t\t\t\t<svg class=\"e-font-icon-svg e-fab-facebook\" viewBox=\"0 0 512 512\" xmlns=\"http:\/\/www.w3.org\/2000\/svg\"><path d=\"M504 256C504 119 393 8 256 8S8 119 8 256c0 123.78 90.69 226.38 209.25 245V327.69h-63V256h63v-54.64c0-62.15 37-96.48 93.67-96.48 27.14 0 55.52 4.84 55.52 4.84v61h-31.28c-30.8 0-40.41 19.12-40.41 38.73V256h68.78l-11 71.69h-57.78V501C413.31 482.38 504 379.78 504 256z\"><\/path><\/svg>\t\t\t\t\t<\/a>\n\t\t\t\t<\/span>\n\t\t\t\t\t<\/div>\n\t\t\t\t<\/div>\n\t\t\t\t<\/div>\n\t\t\t\t<div class=\"elementor-element elementor-element-47ab9327 elementor-widget elementor-widget-text-editor\" data-id=\"47ab9327\" data-element_type=\"widget\" data-widget_type=\"text-editor.default\">\n\t\t\t\t<div class=\"elementor-widget-container\">\n\t\t\t\t\t\t\t<p>Na Facebooku mo\u017cesz znale\u017a\u0107 moje prace &#8211; social media w tych czasach to must have, dlatego zagl\u0105dnij tam i sprawd\u017a co ciekawego wpad\u0142o na sk\u00f3r\u0119 w ostatnich dniach.\u00a0<\/p><p>ps. Twoja dziara te\u017c tam si\u0119 znajdzie \ud83d\ude42<\/p>\t\t\t\t\t\t<\/div>\n\t\t\t\t<\/div>\n\t\t\t\t\t<\/div>\n\t\t\t\t<\/div>\n\t\t<footer class=\"elementor-element elementor-element-6d4bd4a4 e-flex e-con-boxed e-con e-parent\" data-id=\"6d4bd4a4\" data-element_type=\"container\" data-settings=\"{&quot;background_background&quot;:&quot;classic&quot;}\">\n\t\t\t\t\t<div class=\"e-con-inner\">\n\t\t\t\t<div class=\"elementor-element elementor-element-6854133b elementor-widget elementor-widget-heading\" data-id=\"6854133b\" data-element_type=\"widget\" data-widget_type=\"heading.default\">\n\t\t\t\t<div class=\"elementor-widget-container\">\n\t\t\t<p class=\"elementor-heading-title elementor-size-default\">\u00a9 2026 All Rights Reserved.<\/p>\t\t<\/div>\n\t\t\t\t<\/div>\n\t\t\t\t\t<\/div>\n\t\t\t\t<\/footer>\n\t\t\t\t<\/div>\n\t\t","protected":false},"excerpt":{"rendered":"<p>Cegua Ink &#8211; Twoja Sk\u00f3ra, Moja Pasja Indywidualne podej\u015bcie, wyj\u0105tkowe projekty, pe\u0142en profesjonalizm. Stw\u00f3rzmy razem co\u015b wyj\u0105tkowego. Tattoo master protective gloves make a tattoo in black ink on the hand of the girl. Close-up. Drawing tattoo design Cze\u015b\u0107! Je\u015bli tu trafi\u0142a\u015b\/e\u015b to na pewno ciekawi Ci\u0119 sztuka tatua\u017cu. &nbsp;Moje imi\u0119 to Joanna, dla znajomych &#8211; [&hellip;]<\/p>\n","protected":false},"author":1,"featured_media":0,"parent":0,"menu_order":0,"comment_status":"closed","ping_status":"closed","template":"elementor_canvas","meta":{"footnotes":""},"class_list":["post-58","page","type-page","status-publish","hentry"],"yoast_head":"<!-- This site is optimized with the Yoast SEO plugin v24.0 - https:\/\/yoast.com\/wordpress\/plugins\/seo\/ -->\n<title>Strona g\u0142\u00f3wna -<\/title>\n<meta name=\"robots\" content=\"index, follow, max-snippet:-1, max-image-preview:large, max-video-preview:-1\" \/>\n<link rel=\"canonical\" href=\"https:\/\/ceguaink.pl\/\" \/>\n<meta property=\"og:locale\" content=\"pl_PL\" \/>\n<meta property=\"og:type\" content=\"article\" \/>\n<meta property=\"og:title\" content=\"Strona g\u0142\u00f3wna -\" \/>\n<meta property=\"og:description\" content=\"Cegua Ink &#8211; Twoja Sk\u00f3ra, Moja Pasja Indywidualne podej\u015bcie, wyj\u0105tkowe projekty, pe\u0142en profesjonalizm. Stw\u00f3rzmy razem co\u015b wyj\u0105tkowego. Tattoo master protective gloves make a tattoo in black ink on the hand of the girl. Close-up. Drawing tattoo design Cze\u015b\u0107! Je\u015bli tu trafi\u0142a\u015b\/e\u015b to na pewno ciekawi Ci\u0119 sztuka tatua\u017cu. &nbsp;Moje imi\u0119 to Joanna, dla znajomych &#8211; [&hellip;]\" \/>\n<meta property=\"og:url\" content=\"https:\/\/ceguaink.pl\/\" \/>\n<meta property=\"article:modified_time\" content=\"2024-12-22T19:39:17+00:00\" \/>\n<meta property=\"og:image\" content=\"https:\/\/ceguaink.pl\/wp-content\/uploads\/2024\/12\/Voucher-Cegua-Ink.jpg\" \/>\n\t<meta property=\"og:image:width\" content=\"2480\" \/>\n\t<meta property=\"og:image:height\" content=\"1169\" \/>\n\t<meta property=\"og:image:type\" content=\"image\/jpeg\" \/>\n<meta name=\"twitter:card\" content=\"summary_large_image\" \/>\n<meta name=\"twitter:label1\" content=\"Szacowany czas czytania\" \/>\n\t<meta name=\"twitter:data1\" content=\"2 minuty\" \/>\n<script type=\"application\/ld+json\" class=\"yoast-schema-graph\">{\"@context\":\"https:\/\/schema.org\",\"@graph\":[{\"@type\":\"WebPage\",\"@id\":\"https:\/\/ceguaink.pl\/\",\"url\":\"https:\/\/ceguaink.pl\/\",\"name\":\"Strona g\u0142\u00f3wna -\",\"isPartOf\":{\"@id\":\"https:\/\/ceguaink.pl\/#website\"},\"primaryImageOfPage\":{\"@id\":\"https:\/\/ceguaink.pl\/#primaryimage\"},\"image\":{\"@id\":\"https:\/\/ceguaink.pl\/#primaryimage\"},\"thumbnailUrl\":\"https:\/\/ceguaink.pl\/wp-content\/uploads\/2024\/12\/Voucher-Cegua-Ink.jpg\",\"datePublished\":\"2024-12-05T19:48:56+00:00\",\"dateModified\":\"2024-12-22T19:39:17+00:00\",\"breadcrumb\":{\"@id\":\"https:\/\/ceguaink.pl\/#breadcrumb\"},\"inLanguage\":\"pl-PL\",\"potentialAction\":[{\"@type\":\"ReadAction\",\"target\":[\"https:\/\/ceguaink.pl\/\"]}]},{\"@type\":\"ImageObject\",\"inLanguage\":\"pl-PL\",\"@id\":\"https:\/\/ceguaink.pl\/#primaryimage\",\"url\":\"https:\/\/ceguaink.pl\/wp-content\/uploads\/2024\/12\/Voucher-Cegua-Ink.jpg\",\"contentUrl\":\"https:\/\/ceguaink.pl\/wp-content\/uploads\/2024\/12\/Voucher-Cegua-Ink.jpg\",\"width\":2480,\"height\":1169},{\"@type\":\"BreadcrumbList\",\"@id\":\"https:\/\/ceguaink.pl\/#breadcrumb\",\"itemListElement\":[{\"@type\":\"ListItem\",\"position\":1,\"name\":\"Home\",\"item\":\"https:\/\/ceguaink.pl\/\"},{\"@type\":\"ListItem\",\"position\":2,\"name\":\"Strona g\u0142\u00f3wna\"}]},{\"@type\":\"WebSite\",\"@id\":\"https:\/\/ceguaink.pl\/#website\",\"url\":\"https:\/\/ceguaink.pl\/\",\"name\":\"\",\"description\":\"\",\"potentialAction\":[{\"@type\":\"SearchAction\",\"target\":{\"@type\":\"EntryPoint\",\"urlTemplate\":\"https:\/\/ceguaink.pl\/?s={search_term_string}\"},\"query-input\":{\"@type\":\"PropertyValueSpecification\",\"valueRequired\":true,\"valueName\":\"search_term_string\"}}],\"inLanguage\":\"pl-PL\"}]}<\/script>\n<!-- \/ Yoast SEO plugin. -->","yoast_head_json":{"title":"Strona g\u0142\u00f3wna -","robots":{"index":"index","follow":"follow","max-snippet":"max-snippet:-1","max-image-preview":"max-image-preview:large","max-video-preview":"max-video-preview:-1"},"canonical":"https:\/\/ceguaink.pl\/","og_locale":"pl_PL","og_type":"article","og_title":"Strona g\u0142\u00f3wna -","og_description":"Cegua Ink &#8211; Twoja Sk\u00f3ra, Moja Pasja Indywidualne podej\u015bcie, wyj\u0105tkowe projekty, pe\u0142en profesjonalizm. Stw\u00f3rzmy razem co\u015b wyj\u0105tkowego. Tattoo master protective gloves make a tattoo in black ink on the hand of the girl. Close-up. Drawing tattoo design Cze\u015b\u0107! Je\u015bli tu trafi\u0142a\u015b\/e\u015b to na pewno ciekawi Ci\u0119 sztuka tatua\u017cu. &nbsp;Moje imi\u0119 to Joanna, dla znajomych &#8211; [&hellip;]","og_url":"https:\/\/ceguaink.pl\/","article_modified_time":"2024-12-22T19:39:17+00:00","og_image":[{"width":2480,"height":1169,"url":"https:\/\/ceguaink.pl\/wp-content\/uploads\/2024\/12\/Voucher-Cegua-Ink.jpg","type":"image\/jpeg"}],"twitter_card":"summary_large_image","twitter_misc":{"Szacowany czas czytania":"2 minuty"},"schema":{"@context":"https:\/\/schema.org","@graph":[{"@type":"WebPage","@id":"https:\/\/ceguaink.pl\/","url":"https:\/\/ceguaink.pl\/","name":"Strona g\u0142\u00f3wna -","isPartOf":{"@id":"https:\/\/ceguaink.pl\/#website"},"primaryImageOfPage":{"@id":"https:\/\/ceguaink.pl\/#primaryimage"},"image":{"@id":"https:\/\/ceguaink.pl\/#primaryimage"},"thumbnailUrl":"https:\/\/ceguaink.pl\/wp-content\/uploads\/2024\/12\/Voucher-Cegua-Ink.jpg","datePublished":"2024-12-05T19:48:56+00:00","dateModified":"2024-12-22T19:39:17+00:00","breadcrumb":{"@id":"https:\/\/ceguaink.pl\/#breadcrumb"},"inLanguage":"pl-PL","potentialAction":[{"@type":"ReadAction","target":["https:\/\/ceguaink.pl\/"]}]},{"@type":"ImageObject","inLanguage":"pl-PL","@id":"https:\/\/ceguaink.pl\/#primaryimage","url":"https:\/\/ceguaink.pl\/wp-content\/uploads\/2024\/12\/Voucher-Cegua-Ink.jpg","contentUrl":"https:\/\/ceguaink.pl\/wp-content\/uploads\/2024\/12\/Voucher-Cegua-Ink.jpg","width":2480,"height":1169},{"@type":"BreadcrumbList","@id":"https:\/\/ceguaink.pl\/#breadcrumb","itemListElement":[{"@type":"ListItem","position":1,"name":"Home","item":"https:\/\/ceguaink.pl\/"},{"@type":"ListItem","position":2,"name":"Strona g\u0142\u00f3wna"}]},{"@type":"WebSite","@id":"https:\/\/ceguaink.pl\/#website","url":"https:\/\/ceguaink.pl\/","name":"","description":"","potentialAction":[{"@type":"SearchAction","target":{"@type":"EntryPoint","urlTemplate":"https:\/\/ceguaink.pl\/?s={search_term_string}"},"query-input":{"@type":"PropertyValueSpecification","valueRequired":true,"valueName":"search_term_string"}}],"inLanguage":"pl-PL"}]}},"_links":{"self":[{"href":"https:\/\/ceguaink.pl\/index.php?rest_route=\/wp\/v2\/pages\/58","targetHints":{"allow":["GET"]}}],"collection":[{"href":"https:\/\/ceguaink.pl\/index.php?rest_route=\/wp\/v2\/pages"}],"about":[{"href":"https:\/\/ceguaink.pl\/index.php?rest_route=\/wp\/v2\/types\/page"}],"author":[{"embeddable":true,"href":"https:\/\/ceguaink.pl\/index.php?rest_route=\/wp\/v2\/users\/1"}],"replies":[{"embeddable":true,"href":"https:\/\/ceguaink.pl\/index.php?rest_route=%2Fwp%2Fv2%2Fcomments&post=58"}],"version-history":[{"count":119,"href":"https:\/\/ceguaink.pl\/index.php?rest_route=\/wp\/v2\/pages\/58\/revisions"}],"predecessor-version":[{"id":215,"href":"https:\/\/ceguaink.pl\/index.php?rest_route=\/wp\/v2\/pages\/58\/revisions\/215"}],"wp:attachment":[{"href":"https:\/\/ceguaink.pl\/index.php?rest_route=%2Fwp%2Fv2%2Fmedia&parent=58"}],"curies":[{"name":"wp","href":"https:\/\/api.w.org\/{rel}","templated":true}]}}